{"id":11,"date":"2011-06-10T08:43:35","date_gmt":"2011-06-10T08:43:35","guid":{"rendered":"http:\/\/lnx.sbt.it\/?page_id=11"},"modified":"2022-12-31T22:34:13","modified_gmt":"2022-12-31T22:34:13","slug":"pulizia-graffiti","status":"publish","type":"page","link":"https:\/\/www.sbt.it\/?page_id=11","title":{"rendered":"Pulizia graffiti"},"content":{"rendered":"<p>I cittadini interessati alla rimozione dei graffiti dovranno contattare l\u2019Azienda Multi Servizi spa allo 0735\/658899 in orario d\u2019ufficio. Uno nostro incaricato verificher\u00e0 il lavoro ed effettuer\u00e0 un preventivo di spesa lasciando un bollettino di conto corrente intestato al Comune di San Benedetto del Tronto. Entro quindici giorni dalla consegna del bollettino pagato la squadra dell\u2019Azienda Multi Servizi proceder\u00e0 alla rimozione dei graffiti.<\/p>\n<p><img loading=\"lazy\" decoding=\"async\" class=\"alignnone wp-image-67 size-full\" title=\"Pulizia graffiti al molo\" src=\"https:\/\/www.sbt.it\/wp-content\/uploads\/2011\/06\/pulizia4.jpg\" alt=\"\" width=\"1024\" height=\"768\" srcset=\"https:\/\/www.sbt.it\/wp-content\/uploads\/2011\/06\/pulizia4.jpg 1024w, https:\/\/www.sbt.it\/wp-content\/uploads\/2011\/06\/pulizia4-600x450.jpg 600w, https:\/\/www.sbt.it\/wp-content\/uploads\/2011\/06\/pulizia4-300x225.jpg 300w\" sizes=\"auto, (max-width: 1024px) 100vw, 1024px\" \/><\/p>\n<p><strong>Il problema dei graffiti su edifici e monumenti \u00e8 risolto grazie alla straordinaria efficacia del sistema IBIX.<br \/>\nIBIX \u00e8 la soluzione meccanica di pulitura a bassa pressione pi\u00f9 indicata per il trattamento anti- graffiti e permette di ottenere ottimi risultati nella pulitura di superfici e rivestimenti imbrattati da scritte vandaliche e graffiti realizzati con vernici spray e pennarelli indelebili<\/strong><\/p>\n<p><strong>SISTEMA IBIX 25 H2O<\/strong><strong>Sistema di pulitura a doppia funzione: idrolavaggio con carbonati e altri minerali e eco-sabbiatura a secco.<\/strong><strong><br \/>\n<\/strong><\/p>\n<p><span style=\"text-decoration: underline;\">CARATTERISTICHE TECNICHE SPECIFICHE PER MODELLO IBIX 25 H2O<\/span><\/p>\n<ul>\n<li style=\"list-style-type: none;\">\n<ul>\n<li>Idro-ugello speciale per vaporizzazione d\u2019acqua e miscelazione in uscita con i carbo\u00adnati e altri minerali, montato sull\u2019ugello standard con \u00d8 int. 5,5 mm<\/li>\n<li>Tubo inerte+aria+acqua conguaina protettiva: 10 m<\/li>\n<li>Attacco rapido per allaccio alla rete idrica o a serbatoio acqua<\/li>\n<\/ul>\n<\/li>\n<\/ul>\n<p>Nuovo Sistema <strong>IBIX\u00ae <\/strong>integrato di\u00a0 pulitura selettiva con funzione automatica di vaporizzazione di acqua per idrolavaggio a bassa pressione con proiezione controllata di carbonati (Carbonato di Calcio, Carbonato di Magnesio e Bicarbonato di Sodio) o inerti minerali quali ad esempio il minerale naturale Garnet.<\/p>\n<p><strong>IBIX<\/strong><strong>\u00ae H2O<\/strong> prevede un doppio funzionamento, ovvero l\u2019abituale utilizzo a secco ed il funzionamento tramite idrogetto nebulizzato a bassa pressione con miscelazione di acqua vaporizzata e inerti<\/p>\n<p>Contrariamente alle tecnologie tradizionali il Sistema <strong>IBIX\u00ae H2O<\/strong> effettua la miscelazione di acqua e carbonati direttamente all\u2019ugello, il che consente di ridurre al minimo la quantit\u00e0 di acqua utilizzata. Quest\u2019ultima, vaporizzata finemente, riduce sensibilmente i residui e di conseguenza i costi di cantierizzazione.<br \/>\nNegli interventi di restauro conservativo <strong>IBIX<\/strong><strong>\u00ae H2O <\/strong>risponde a tutte le esigenze di pulitura selettiva conservativa di paramenti lapidei, strutture ed elementi architettonici in pietra, marmo e laterizi particolarmente delicati e con patologie di degrado o alterazioni difficilmente trattabili con pulitura a secco<\/p>\n<p><strong>IBIX\u00ae H2O<\/strong> esprime inoltre elevatissime performances nel campo del recupero urbano per la rimozione dei graffiti. In particolare l\u2019utilizzo di carbonato di magnesio consente i ripulire le facciate in materiale lapideo, laterizio e calcestruzzo imbrattate dai writers evitando il problema degli aloni che abitualmente restano visibili sulle superfici trattate.<\/p>\n<p>L\u2019utilizzo di <strong>IBIX\u00ae <\/strong>H2O con idrogetto di bicarbonato di sodio \u00e8 invece particolarmente efficace per la pulitura dei graffiti da vetrate, profili in alluminio anodizzato e marmi lucidi non porosi.<\/p>\n<p>L\u2019efficacia del bicarbonato di sodio, detergente e igienizzante naturale, combinata con il potere pulente dell\u2019acqua, fanno di <strong>IBIX\u00ae <\/strong>la soluzione ottimale per la pulizia di strutture in acciaio inox o alluminio o per la rimozione di stratificazioni indesiderate difficilmente eliminabili con i metodi tradizionali.<\/p>\n<p><strong>Il metodo IBIX\u00ae<\/strong> totalmente naturale ed ecologico risolve, pertanto, i problemi legati alle manutenzioni industriali in ambienti chiusi con stretti vincoli legati alle normative in materia ambientale e di sicurezza sul lavoro.<\/p>\n<p>Facilit\u00e0 di risciacquo utilizzando la stessa macchina, semplicemente escludendo il flusso del materiale.<\/p>\n<p><strong>L\u2019inerte utilizzato per la pulizia<\/strong><\/p>\n<p><strong>GMA Garnet <\/strong>\u00e8 composto da granelli di Almandite \u2013 uno fra i pi\u00f9 duri e tenaci minerali che si conoscano in natura<\/p>\n<ul>\n<li>\u00e8 ecologico: grazie alla sua atossicit\u00e0 GMA Garnet \u00e8 ben al di sotto dei valori massimi definiti dalle normative ambientali in relazione ai<br \/>\ncomponenti silicogeni (silicio cristallino), tossici e cancerogeni, garantendo un ambiente di lavoro sicuro e pulito con una sensibile<br \/>\nriduzione della rumorosit\u00e0 grazie alla possibilit\u00e0 di sabbiare a bassa pressione;<\/li>\n<li>\u00e8 totalmente naturale<\/li>\n<li>\u00e8 chimicamente inerte;<\/li>\n<li>\u00e8 privo di ferrite: non ossida \u00e8 adatto per sabbiare su INOX, Acciaio Antimagnetico, Alluminio ecc;<\/li>\n<li>consente una riduzione dei costi di smaltimento grazie al basso consumo.<\/li>\n<\/ul>\n<p><img loading=\"lazy\" decoding=\"async\" class=\"alignnone wp-image-66 size-full\" title=\"prima intervento\" src=\"https:\/\/www.sbt.it\/wp-content\/uploads\/2011\/06\/pulizia3.jpg\" alt=\"\" width=\"1024\" height=\"768\" srcset=\"https:\/\/www.sbt.it\/wp-content\/uploads\/2011\/06\/pulizia3.jpg 1024w, https:\/\/www.sbt.it\/wp-content\/uploads\/2011\/06\/pulizia3-600x450.jpg 600w, https:\/\/www.sbt.it\/wp-content\/uploads\/2011\/06\/pulizia3-300x225.jpg 300w\" sizes=\"auto, (max-width: 1024px) 100vw, 1024px\" \/><\/p>\n<p>Prima dell&#8217;intervento dei nostri operatori<img loading=\"lazy\" decoding=\"async\" class=\"alignnone wp-image-65 size-full\" title=\"Exif_JPEG_PICTURE\" src=\"https:\/\/www.sbt.it\/wp-content\/uploads\/2011\/06\/pulizia2.jpg\" alt=\"\" width=\"1024\" height=\"768\" srcset=\"https:\/\/www.sbt.it\/wp-content\/uploads\/2011\/06\/pulizia2.jpg 1024w, https:\/\/www.sbt.it\/wp-content\/uploads\/2011\/06\/pulizia2-600x450.jpg 600w, https:\/\/www.sbt.it\/wp-content\/uploads\/2011\/06\/pulizia2-300x225.jpg 300w\" sizes=\"auto, (max-width: 1024px) 100vw, 1024px\" \/><\/p>\n<p>Dopo l&#8217;intervento degli operatori<\/p>\n","protected":false},"excerpt":{"rendered":"<p>I cittadini interessati alla rimozione dei graffiti dovranno contattare l\u2019Azienda Multi Servizi spa allo 0735\/658899 in orario d\u2019ufficio.<\/p>\n","protected":false},"author":1,"featured_media":0,"parent":0,"menu_order":0,"comment_status":"open","ping_status":"open","template":"","meta":{"inline_featured_image":false,"footnotes":""},"tags":[],"class_list":["post-11","page","type-page","status-publish","hentry"],"yoast_head":"<!-- This site is optimized with the Yoast SEO plugin v22.0 - https:\/\/yoast.com\/wordpress\/plugins\/seo\/ -->\n<title>Pulizia graffiti - Azienda Multi Servizi spa<\/title>\n<meta name=\"robots\" content=\"index, follow, max-snippet:-1, max-image-preview:large, max-video-preview:-1\" \/>\n<link rel=\"canonical\" href=\"https:\/\/www.sbt.it\/?page_id=11\" \/>\n<meta property=\"og:locale\" content=\"it_IT\" \/>\n<meta property=\"og:type\" content=\"article\" \/>\n<meta property=\"og:title\" content=\"Pulizia graffiti - Azienda Multi Servizi spa\" \/>\n<meta property=\"og:description\" content=\"I cittadini interessati alla rimozione dei graffiti dovranno contattare l\u2019Azienda Multi Servizi spa allo 0735\/658899 in orario d\u2019ufficio.\" \/>\n<meta property=\"og:url\" content=\"https:\/\/www.sbt.it\/?page_id=11\" \/>\n<meta property=\"og:site_name\" content=\"Azienda Multi Servizi spa\" \/>\n<meta property=\"article:publisher\" content=\"https:\/\/www.facebook.com\/profile.php?id=100064248927242\" \/>\n<meta property=\"article:modified_time\" content=\"2022-12-31T22:34:13+00:00\" \/>\n<meta property=\"og:image\" content=\"http:\/\/www.sbt.it\/wp-content\/uploads\/2011\/06\/pulizia4.jpg\" \/>\n<meta name=\"twitter:card\" content=\"summary_large_image\" \/>\n<meta name=\"twitter:label1\" content=\"Tempo di lettura stimato\" \/>\n\t<meta name=\"twitter:data1\" content=\"3 minuti\" \/>\n<script type=\"application\/ld+json\" class=\"yoast-schema-graph\">{\"@context\":\"https:\/\/schema.org\",\"@graph\":[{\"@type\":\"WebPage\",\"@id\":\"https:\/\/www.sbt.it\/?page_id=11\",\"url\":\"https:\/\/www.sbt.it\/?page_id=11\",\"name\":\"Pulizia graffiti - Azienda Multi Servizi spa\",\"isPartOf\":{\"@id\":\"https:\/\/www.sbt.it\/#website\"},\"datePublished\":\"2011-06-10T08:43:35+00:00\",\"dateModified\":\"2022-12-31T22:34:13+00:00\",\"breadcrumb\":{\"@id\":\"https:\/\/www.sbt.it\/?page_id=11#breadcrumb\"},\"inLanguage\":\"it-IT\",\"potentialAction\":[{\"@type\":\"ReadAction\",\"target\":[\"https:\/\/www.sbt.it\/?page_id=11\"]}]},{\"@type\":\"BreadcrumbList\",\"@id\":\"https:\/\/www.sbt.it\/?page_id=11#breadcrumb\",\"itemListElement\":[{\"@type\":\"ListItem\",\"position\":1,\"name\":\"Home\",\"item\":\"https:\/\/www.sbt.it\/\"},{\"@type\":\"ListItem\",\"position\":2,\"name\":\"Pulizia graffiti\"}]},{\"@type\":\"WebSite\",\"@id\":\"https:\/\/www.sbt.it\/#website\",\"url\":\"https:\/\/www.sbt.it\/\",\"name\":\"Azienda Multi Servizi spa\",\"description\":\"Al servizio della citt\u00e0 di San Benedetto del Tronto\",\"publisher\":{\"@id\":\"https:\/\/www.sbt.it\/#organization\"},\"potentialAction\":[{\"@type\":\"SearchAction\",\"target\":{\"@type\":\"EntryPoint\",\"urlTemplate\":\"https:\/\/www.sbt.it\/?s={search_term_string}\"},\"query-input\":\"required name=search_term_string\"}],\"inLanguage\":\"it-IT\"},{\"@type\":\"Organization\",\"@id\":\"https:\/\/www.sbt.it\/#organization\",\"name\":\"Azienda Multi Servizi spa\",\"url\":\"https:\/\/www.sbt.it\/\",\"logo\":{\"@type\":\"ImageObject\",\"inLanguage\":\"it-IT\",\"@id\":\"https:\/\/www.sbt.it\/#\/schema\/logo\/image\/\",\"url\":\"https:\/\/www.sbt.it\/wp-content\/uploads\/2019\/02\/logo_ams-copia.jpg\",\"contentUrl\":\"https:\/\/www.sbt.it\/wp-content\/uploads\/2019\/02\/logo_ams-copia.jpg\",\"width\":193,\"height\":145,\"caption\":\"Azienda Multi Servizi spa\"},\"image\":{\"@id\":\"https:\/\/www.sbt.it\/#\/schema\/logo\/image\/\"},\"sameAs\":[\"https:\/\/www.facebook.com\/profile.php?id=100064248927242\"]}]}<\/script>\n<!-- \/ Yoast SEO plugin. -->","yoast_head_json":{"title":"Pulizia graffiti - Azienda Multi Servizi spa","robots":{"index":"index","follow":"follow","max-snippet":"max-snippet:-1","max-image-preview":"max-image-preview:large","max-video-preview":"max-video-preview:-1"},"canonical":"https:\/\/www.sbt.it\/?page_id=11","og_locale":"it_IT","og_type":"article","og_title":"Pulizia graffiti - Azienda Multi Servizi spa","og_description":"I cittadini interessati alla rimozione dei graffiti dovranno contattare l\u2019Azienda Multi Servizi spa allo 0735\/658899 in orario d\u2019ufficio.","og_url":"https:\/\/www.sbt.it\/?page_id=11","og_site_name":"Azienda Multi Servizi spa","article_publisher":"https:\/\/www.facebook.com\/profile.php?id=100064248927242","article_modified_time":"2022-12-31T22:34:13+00:00","og_image":[{"url":"http:\/\/www.sbt.it\/wp-content\/uploads\/2011\/06\/pulizia4.jpg"}],"twitter_card":"summary_large_image","twitter_misc":{"Tempo di lettura stimato":"3 minuti"},"schema":{"@context":"https:\/\/schema.org","@graph":[{"@type":"WebPage","@id":"https:\/\/www.sbt.it\/?page_id=11","url":"https:\/\/www.sbt.it\/?page_id=11","name":"Pulizia graffiti - Azienda Multi Servizi spa","isPartOf":{"@id":"https:\/\/www.sbt.it\/#website"},"datePublished":"2011-06-10T08:43:35+00:00","dateModified":"2022-12-31T22:34:13+00:00","breadcrumb":{"@id":"https:\/\/www.sbt.it\/?page_id=11#breadcrumb"},"inLanguage":"it-IT","potentialAction":[{"@type":"ReadAction","target":["https:\/\/www.sbt.it\/?page_id=11"]}]},{"@type":"BreadcrumbList","@id":"https:\/\/www.sbt.it\/?page_id=11#breadcrumb","itemListElement":[{"@type":"ListItem","position":1,"name":"Home","item":"https:\/\/www.sbt.it\/"},{"@type":"ListItem","position":2,"name":"Pulizia graffiti"}]},{"@type":"WebSite","@id":"https:\/\/www.sbt.it\/#website","url":"https:\/\/www.sbt.it\/","name":"Azienda Multi Servizi spa","description":"Al servizio della citt\u00e0 di San Benedetto del Tronto","publisher":{"@id":"https:\/\/www.sbt.it\/#organization"},"potentialAction":[{"@type":"SearchAction","target":{"@type":"EntryPoint","urlTemplate":"https:\/\/www.sbt.it\/?s={search_term_string}"},"query-input":"required name=search_term_string"}],"inLanguage":"it-IT"},{"@type":"Organization","@id":"https:\/\/www.sbt.it\/#organization","name":"Azienda Multi Servizi spa","url":"https:\/\/www.sbt.it\/","logo":{"@type":"ImageObject","inLanguage":"it-IT","@id":"https:\/\/www.sbt.it\/#\/schema\/logo\/image\/","url":"https:\/\/www.sbt.it\/wp-content\/uploads\/2019\/02\/logo_ams-copia.jpg","contentUrl":"https:\/\/www.sbt.it\/wp-content\/uploads\/2019\/02\/logo_ams-copia.jpg","width":193,"height":145,"caption":"Azienda Multi Servizi spa"},"image":{"@id":"https:\/\/www.sbt.it\/#\/schema\/logo\/image\/"},"sameAs":["https:\/\/www.facebook.com\/profile.php?id=100064248927242"]}]}},"_links":{"self":[{"href":"https:\/\/www.sbt.it\/index.php?rest_route=\/wp\/v2\/pages\/11","targetHints":{"allow":["GET"]}}],"collection":[{"href":"https:\/\/www.sbt.it\/index.php?rest_route=\/wp\/v2\/pages"}],"about":[{"href":"https:\/\/www.sbt.it\/index.php?rest_route=\/wp\/v2\/types\/page"}],"author":[{"embeddable":true,"href":"https:\/\/www.sbt.it\/index.php?rest_route=\/wp\/v2\/users\/1"}],"replies":[{"embeddable":true,"href":"https:\/\/www.sbt.it\/index.php?rest_route=%2Fwp%2Fv2%2Fcomments&post=11"}],"version-history":[{"count":9,"href":"https:\/\/www.sbt.it\/index.php?rest_route=\/wp\/v2\/pages\/11\/revisions"}],"predecessor-version":[{"id":4930,"href":"https:\/\/www.sbt.it\/index.php?rest_route=\/wp\/v2\/pages\/11\/revisions\/4930"}],"wp:attachment":[{"href":"https:\/\/www.sbt.it\/index.php?rest_route=%2Fwp%2Fv2%2Fmedia&parent=11"}],"wp:term":[{"taxonomy":"post_tag","embeddable":true,"href":"https:\/\/www.sbt.it\/index.php?rest_route=%2Fwp%2Fv2%2Ftags&post=11"}],"curies":[{"name":"wp","href":"https:\/\/api.w.org\/{rel}","templated":true}]}}