{"id":116,"date":"2014-01-28T11:37:30","date_gmt":"2014-01-28T11:37:30","guid":{"rendered":"http:\/\/172.31.1.100\/?page_id=116"},"modified":"2019-03-01T10:22:32","modified_gmt":"2019-03-01T10:22:32","slug":"riscossione-sanzioni-codice-della-strada","status":"publish","type":"page","link":"https:\/\/www.sbt.it\/?page_id=116","title":{"rendered":"Riscossione sanzioni codice della strada"},"content":{"rendered":"<div>\n<p>Dal 2 gennaio 2014 le multe per le violazioni del Codice della strada accertate dalla Polizia municipale o dagli ausiliari del traffico non si pagheranno pi\u00f9 in Via Bianchi presso gli Uffici dell\u2019A.I.P.A. ma presso lo Sportello dell\u2019Azienda Multi Servizi che si trova nel piazzale interno della Stazione ferroviaria. Lo Sportello osserver\u00e0 i seguenti orari: dal luned\u00ec al sabato dalle ore 8,30 alle ore 12,30, il marted\u00ec e il gioved\u00ec anche il pomeriggio dalle 15.30 alle 18.00.<\/p>\n<p>Informazioni potranno essere richieste sia all\u2019Azienda Multi Servizi: tel.0735-658899, posta elettronica\u00a0<a title=\"ams@sbt.it\" href=\"mailto:ams@sbt.it\">parcheggi@sbt.it<\/a>, sia al Comando di Polizia municipale: tel.0735-794233, posta elettronica\u00a0<a title=\"pm-cds@comunesbt.it.\" href=\"mailto:pm-cds@comunesbt.it\">pm-cds@comunesbt.it.<\/a><\/p>\n<p>Si ricorda che, in base ad una norma entrata in vigore in agosto, \u00e8 prevista la possibilit\u00e0 per il trasgressore di beneficiare di una riduzione del 30% sull\u2019importo dovuto. Il beneficio si applica se sussistono due condizioni: che il pagamento avvenga entro i 5 giorni successivi alla contestazione o notificazione del verbale e che per la violazione non sia prevista la sanzione accessoria della confisca del veicolo o della sospensione della patente di guida.<br \/>\nIl pagamento presso il nostro ufficio non comporta costi aggiuntivi (spese di bollettino postale).<\/p>\n<\/div>\n<p>&nbsp;<\/p>\n","protected":false},"excerpt":{"rendered":"<p>Dal 2 gennaio 2014 le multe per le violazioni del Codice della strada accertate dalla Polizia municipale o dagli ausiliari del traffico non si pagheranno pi\u00f9 in Via Bianchi presso gli Uffici dell\u2019A.<\/p>\n","protected":false},"author":1,"featured_media":0,"parent":0,"menu_order":0,"comment_status":"open","ping_status":"open","template":"","meta":{"inline_featured_image":false,"footnotes":""},"tags":[],"class_list":["post-116","page","type-page","status-publish","hentry"],"yoast_head":"<!-- This site is optimized with the Yoast SEO plugin v22.0 - https:\/\/yoast.com\/wordpress\/plugins\/seo\/ -->\n<title>Riscossione sanzioni codice della strada - Azienda Multi Servizi spa<\/title>\n<meta name=\"robots\" content=\"index, follow, max-snippet:-1, max-image-preview:large, max-video-preview:-1\" \/>\n<link rel=\"canonical\" href=\"https:\/\/www.sbt.it\/?page_id=116\" \/>\n<meta property=\"og:locale\" content=\"it_IT\" \/>\n<meta property=\"og:type\" content=\"article\" \/>\n<meta property=\"og:title\" content=\"Riscossione sanzioni codice della strada - Azienda Multi Servizi spa\" \/>\n<meta property=\"og:description\" content=\"Dal 2 gennaio 2014 le multe per le violazioni del Codice della strada accertate dalla Polizia municipale o dagli ausiliari del traffico non si pagheranno pi\u00f9 in Via Bianchi presso gli Uffici dell\u2019A.\" \/>\n<meta property=\"og:url\" content=\"https:\/\/www.sbt.it\/?page_id=116\" \/>\n<meta property=\"og:site_name\" content=\"Azienda Multi Servizi spa\" \/>\n<meta property=\"article:publisher\" content=\"https:\/\/www.facebook.com\/profile.php?id=100064248927242\" \/>\n<meta property=\"article:modified_time\" content=\"2019-03-01T10:22:32+00:00\" \/>\n<meta name=\"twitter:card\" content=\"summary_large_image\" \/>\n<meta name=\"twitter:label1\" content=\"Tempo di lettura stimato\" \/>\n\t<meta name=\"twitter:data1\" content=\"1 minuto\" \/>\n<script type=\"application\/ld+json\" class=\"yoast-schema-graph\">{\"@context\":\"https:\/\/schema.org\",\"@graph\":[{\"@type\":\"WebPage\",\"@id\":\"https:\/\/www.sbt.it\/?page_id=116\",\"url\":\"https:\/\/www.sbt.it\/?page_id=116\",\"name\":\"Riscossione sanzioni codice della strada - Azienda Multi Servizi spa\",\"isPartOf\":{\"@id\":\"https:\/\/www.sbt.it\/#website\"},\"datePublished\":\"2014-01-28T11:37:30+00:00\",\"dateModified\":\"2019-03-01T10:22:32+00:00\",\"breadcrumb\":{\"@id\":\"https:\/\/www.sbt.it\/?page_id=116#breadcrumb\"},\"inLanguage\":\"it-IT\",\"potentialAction\":[{\"@type\":\"ReadAction\",\"target\":[\"https:\/\/www.sbt.it\/?page_id=116\"]}]},{\"@type\":\"BreadcrumbList\",\"@id\":\"https:\/\/www.sbt.it\/?page_id=116#breadcrumb\",\"itemListElement\":[{\"@type\":\"ListItem\",\"position\":1,\"name\":\"Home\",\"item\":\"https:\/\/www.sbt.it\/\"},{\"@type\":\"ListItem\",\"position\":2,\"name\":\"Riscossione sanzioni codice della strada\"}]},{\"@type\":\"WebSite\",\"@id\":\"https:\/\/www.sbt.it\/#website\",\"url\":\"https:\/\/www.sbt.it\/\",\"name\":\"Azienda Multi Servizi spa\",\"description\":\"Al servizio della citt\u00e0 di San Benedetto del Tronto\",\"publisher\":{\"@id\":\"https:\/\/www.sbt.it\/#organization\"},\"potentialAction\":[{\"@type\":\"SearchAction\",\"target\":{\"@type\":\"EntryPoint\",\"urlTemplate\":\"https:\/\/www.sbt.it\/?s={search_term_string}\"},\"query-input\":\"required name=search_term_string\"}],\"inLanguage\":\"it-IT\"},{\"@type\":\"Organization\",\"@id\":\"https:\/\/www.sbt.it\/#organization\",\"name\":\"Azienda Multi Servizi spa\",\"url\":\"https:\/\/www.sbt.it\/\",\"logo\":{\"@type\":\"ImageObject\",\"inLanguage\":\"it-IT\",\"@id\":\"https:\/\/www.sbt.it\/#\/schema\/logo\/image\/\",\"url\":\"https:\/\/www.sbt.it\/wp-content\/uploads\/2019\/02\/logo_ams-copia.jpg\",\"contentUrl\":\"https:\/\/www.sbt.it\/wp-content\/uploads\/2019\/02\/logo_ams-copia.jpg\",\"width\":193,\"height\":145,\"caption\":\"Azienda Multi Servizi spa\"},\"image\":{\"@id\":\"https:\/\/www.sbt.it\/#\/schema\/logo\/image\/\"},\"sameAs\":[\"https:\/\/www.facebook.com\/profile.php?id=100064248927242\"]}]}<\/script>\n<!-- \/ Yoast SEO plugin. -->","yoast_head_json":{"title":"Riscossione sanzioni codice della strada - Azienda Multi Servizi spa","robots":{"index":"index","follow":"follow","max-snippet":"max-snippet:-1","max-image-preview":"max-image-preview:large","max-video-preview":"max-video-preview:-1"},"canonical":"https:\/\/www.sbt.it\/?page_id=116","og_locale":"it_IT","og_type":"article","og_title":"Riscossione sanzioni codice della strada - Azienda Multi Servizi spa","og_description":"Dal 2 gennaio 2014 le multe per le violazioni del Codice della strada accertate dalla Polizia municipale o dagli ausiliari del traffico non si pagheranno pi\u00f9 in Via Bianchi presso gli Uffici dell\u2019A.","og_url":"https:\/\/www.sbt.it\/?page_id=116","og_site_name":"Azienda Multi Servizi spa","article_publisher":"https:\/\/www.facebook.com\/profile.php?id=100064248927242","article_modified_time":"2019-03-01T10:22:32+00:00","twitter_card":"summary_large_image","twitter_misc":{"Tempo di lettura stimato":"1 minuto"},"schema":{"@context":"https:\/\/schema.org","@graph":[{"@type":"WebPage","@id":"https:\/\/www.sbt.it\/?page_id=116","url":"https:\/\/www.sbt.it\/?page_id=116","name":"Riscossione sanzioni codice della strada - Azienda Multi Servizi spa","isPartOf":{"@id":"https:\/\/www.sbt.it\/#website"},"datePublished":"2014-01-28T11:37:30+00:00","dateModified":"2019-03-01T10:22:32+00:00","breadcrumb":{"@id":"https:\/\/www.sbt.it\/?page_id=116#breadcrumb"},"inLanguage":"it-IT","potentialAction":[{"@type":"ReadAction","target":["https:\/\/www.sbt.it\/?page_id=116"]}]},{"@type":"BreadcrumbList","@id":"https:\/\/www.sbt.it\/?page_id=116#breadcrumb","itemListElement":[{"@type":"ListItem","position":1,"name":"Home","item":"https:\/\/www.sbt.it\/"},{"@type":"ListItem","position":2,"name":"Riscossione sanzioni codice della strada"}]},{"@type":"WebSite","@id":"https:\/\/www.sbt.it\/#website","url":"https:\/\/www.sbt.it\/","name":"Azienda Multi Servizi spa","description":"Al servizio della citt\u00e0 di San Benedetto del Tronto","publisher":{"@id":"https:\/\/www.sbt.it\/#organization"},"potentialAction":[{"@type":"SearchAction","target":{"@type":"EntryPoint","urlTemplate":"https:\/\/www.sbt.it\/?s={search_term_string}"},"query-input":"required name=search_term_string"}],"inLanguage":"it-IT"},{"@type":"Organization","@id":"https:\/\/www.sbt.it\/#organization","name":"Azienda Multi Servizi spa","url":"https:\/\/www.sbt.it\/","logo":{"@type":"ImageObject","inLanguage":"it-IT","@id":"https:\/\/www.sbt.it\/#\/schema\/logo\/image\/","url":"https:\/\/www.sbt.it\/wp-content\/uploads\/2019\/02\/logo_ams-copia.jpg","contentUrl":"https:\/\/www.sbt.it\/wp-content\/uploads\/2019\/02\/logo_ams-copia.jpg","width":193,"height":145,"caption":"Azienda Multi Servizi spa"},"image":{"@id":"https:\/\/www.sbt.it\/#\/schema\/logo\/image\/"},"sameAs":["https:\/\/www.facebook.com\/profile.php?id=100064248927242"]}]}},"_links":{"self":[{"href":"https:\/\/www.sbt.it\/index.php?rest_route=\/wp\/v2\/pages\/116","targetHints":{"allow":["GET"]}}],"collection":[{"href":"https:\/\/www.sbt.it\/index.php?rest_route=\/wp\/v2\/pages"}],"about":[{"href":"https:\/\/www.sbt.it\/index.php?rest_route=\/wp\/v2\/types\/page"}],"author":[{"embeddable":true,"href":"https:\/\/www.sbt.it\/index.php?rest_route=\/wp\/v2\/users\/1"}],"replies":[{"embeddable":true,"href":"https:\/\/www.sbt.it\/index.php?rest_route=%2Fwp%2Fv2%2Fcomments&post=116"}],"version-history":[{"count":5,"href":"https:\/\/www.sbt.it\/index.php?rest_route=\/wp\/v2\/pages\/116\/revisions"}],"predecessor-version":[{"id":1926,"href":"https:\/\/www.sbt.it\/index.php?rest_route=\/wp\/v2\/pages\/116\/revisions\/1926"}],"wp:attachment":[{"href":"https:\/\/www.sbt.it\/index.php?rest_route=%2Fwp%2Fv2%2Fmedia&parent=116"}],"wp:term":[{"taxonomy":"post_tag","embeddable":true,"href":"https:\/\/www.sbt.it\/index.php?rest_route=%2Fwp%2Fv2%2Ftags&post=116"}],"curies":[{"name":"wp","href":"https:\/\/api.w.org\/{rel}","templated":true}]}}