{"id":4154,"date":"2022-12-06T10:21:48","date_gmt":"2022-12-06T10:21:48","guid":{"rendered":"https:\/\/www.sbt.it\/?page_id=4154"},"modified":"2022-12-06T10:27:54","modified_gmt":"2022-12-06T10:27:54","slug":"cookie-policy","status":"publish","type":"page","link":"https:\/\/www.sbt.it\/?page_id=4154","title":{"rendered":"Cookie Policy"},"content":{"rendered":"\r\n<p>Il cookie \u00e8 un piccolo file di testo (pochi byte) scambiato tra un sito internet ed il Suo browser e normalmente utilizzato dal gestore del sito internet per memorizzare le informazioni necessarie a migliorare la navigazione all&#8217;interno del sito. Tali cookies sono considerati dati personali in riferimento al Considerando n. 30 Regolamento (UE) 2016\/679.<\/p>\r\n\r\n\r\n\r\n<p>L&#8217;Azienda Multi Servizi S.p.A., nella qualit\u00e0 di Titolare del trattamento dei Suoi dati personali, non fa uso di cookie per la trasmissione di informazioni di carattere personale, ma usa quelli di Google Analytics, un servizio per l&#8217;osservazione degli accessi ai contenuti di questo sito. Tali informazioni vengono trasmesse a Google che potr\u00e0 usare queste informazioni per tracciare ed esaminare il comportamento sul sito da parte dei visitatori. Google potr\u00e0 anche fornire tali dati, in forma aggregata cio\u00e8 non riferiti ad alcuna identit\u00e0, attraverso i rapporti di Analytics e altri servizi informativi come Google Trends. Google inoltre potrebbe trasferire queste informazioni a terzi qualora ci\u00f2 venga imposto dalla legge. L&#8217;informativa su privacy di Google Analytics pu\u00f2 essere consultata al seguente link: <a href=\"https:\/\/www.google.it\/intl\/it\/policies\" target=\"_blank\" rel=\"noreferrer noopener\">www.google.it\/intl\/it\/policies<\/a><\/p>\r\n\r\n\r\n\r\n<p>Qualora non si desideri essere tracciati da questo o da altri siti che usano Google Analytics, \u00e8 possibile installare un apposito componente adatto ai browser pi\u00f9 diffusi e viene fornito gratuitamente da Google.<\/p>\r\n\r\n\r\n\r\n<p>Infine, vengono usati i cookie di sessione (che non vengono memorizzati in modo persistente sul computer dell&#8217;utente e svaniscono con la chiusura del browser) che sono strettamente limitati alla trasmissione di identificativi di sessione (costituiti da numeri casuali generati dal server) necessari per consentire l&#8217;esplorazione sicura ed efficiente del sito.<br \/><br \/><\/p>\r\n\r\n\r\n\r\n<p><strong>Gestione dei cookie e loro disabilitazione<\/strong> Nell&#8217;ipotesi in cui Lei abbia dubbi o preoccupazioni in merito all&#8217;utilizzo dei cookie, Le \u00e8 sempre possibile intervenire per impedirne l&#8217;impostazione e la lettura, ad esempio modificando le impostazioni sulla privacy all&#8217;interno del Suo browser al fine di bloccarne determinati tipi. Poich\u00e9 ciascun browser &#8211; e spesso diverse versioni dello stesso browser &#8211; differiscono anche sensibilmente le une dalle altre se preferisce agire autonomamente mediante le preferenze del Suo browser pu\u00f2 trovare informazioni dettagliate sulla procedura necessaria nella guida del Suo browser.<\/p>\r\n\r\n\r\n\r\n<p>Per una panoramica delle modalit\u00e0 di azione per i browser pi\u00f9 comuni, pu\u00f2 visitare l&#8217;indirizzo\u00a0<a href=\"https:\/\/www.cookiepedia.co.uk\/\" target=\"_blank\" rel=\"noreferrer noopener\">www.cookiepedia.co.uk<\/a>.<\/p>\r\n\r\n\r\n\r\n<p>Se lo desidera, le societ\u00e0 pubblicitarie consentono di rinunciare alla ricezione di annunci mirati. Ci\u00f2 non impedisce l&#8217;impostazione dei cookie, ma interrompe l&#8217;utilizzo e la raccolta di alcuni dati da parte di tali societ\u00e0. \u00c8 possibile la disabilitazione di ogni singolo cookies dai link riportati nella \u201ctabella cookies\u201d.<\/p>\r\n\r\n\r\n\r\n<p>Per maggiori informazioni e possibilit\u00e0 di rinuncia, visitare l&#8217;indirizzo\u00a0<a href=\"https:\/\/www.youronlinechoices.eu\/\" target=\"_blank\" rel=\"noreferrer noopener\">www.youronlinechoices.eu\/<\/a><\/p>\r\n","protected":false},"excerpt":{"rendered":"<p>Il cookie \u00e8 un piccolo file di testo (pochi byte) scambiato tra un sito internet ed il Suo browser e normalmente utilizzato dal gestore del sito internet per memorizzare le informazioni necessarie a migliorare la navigazione all&#8217;interno del sito.<\/p>\n","protected":false},"author":1,"featured_media":0,"parent":0,"menu_order":0,"comment_status":"closed","ping_status":"closed","template":"","meta":{"inline_featured_image":false,"footnotes":""},"tags":[],"class_list":["post-4154","page","type-page","status-publish","hentry"],"yoast_head":"<!-- This site is optimized with the Yoast SEO plugin v22.0 - https:\/\/yoast.com\/wordpress\/plugins\/seo\/ -->\n<title>Cookie Policy - Azienda Multi Servizi spa<\/title>\n<meta name=\"robots\" content=\"index, follow, max-snippet:-1, max-image-preview:large, max-video-preview:-1\" \/>\n<link rel=\"canonical\" href=\"https:\/\/www.sbt.it\/?page_id=4154\" \/>\n<meta property=\"og:locale\" content=\"it_IT\" \/>\n<meta property=\"og:type\" content=\"article\" \/>\n<meta property=\"og:title\" content=\"Cookie Policy - Azienda Multi Servizi spa\" \/>\n<meta property=\"og:description\" content=\"Il cookie \u00e8 un piccolo file di testo (pochi byte) scambiato tra un sito internet ed il Suo browser e normalmente utilizzato dal gestore del sito internet per memorizzare le informazioni necessarie a migliorare la navigazione all&#8217;interno del sito.\" \/>\n<meta property=\"og:url\" content=\"https:\/\/www.sbt.it\/?page_id=4154\" \/>\n<meta property=\"og:site_name\" content=\"Azienda Multi Servizi spa\" \/>\n<meta property=\"article:publisher\" content=\"https:\/\/www.facebook.com\/profile.php?id=100064248927242\" \/>\n<meta property=\"article:modified_time\" content=\"2022-12-06T10:27:54+00:00\" \/>\n<meta name=\"twitter:card\" content=\"summary_large_image\" \/>\n<meta name=\"twitter:label1\" content=\"Tempo di lettura stimato\" \/>\n\t<meta name=\"twitter:data1\" content=\"2 minuti\" \/>\n<script type=\"application\/ld+json\" class=\"yoast-schema-graph\">{\"@context\":\"https:\/\/schema.org\",\"@graph\":[{\"@type\":\"WebPage\",\"@id\":\"https:\/\/www.sbt.it\/?page_id=4154\",\"url\":\"https:\/\/www.sbt.it\/?page_id=4154\",\"name\":\"Cookie Policy - Azienda Multi Servizi spa\",\"isPartOf\":{\"@id\":\"https:\/\/www.sbt.it\/#website\"},\"datePublished\":\"2022-12-06T10:21:48+00:00\",\"dateModified\":\"2022-12-06T10:27:54+00:00\",\"breadcrumb\":{\"@id\":\"https:\/\/www.sbt.it\/?page_id=4154#breadcrumb\"},\"inLanguage\":\"it-IT\",\"potentialAction\":[{\"@type\":\"ReadAction\",\"target\":[\"https:\/\/www.sbt.it\/?page_id=4154\"]}]},{\"@type\":\"BreadcrumbList\",\"@id\":\"https:\/\/www.sbt.it\/?page_id=4154#breadcrumb\",\"itemListElement\":[{\"@type\":\"ListItem\",\"position\":1,\"name\":\"Home\",\"item\":\"https:\/\/www.sbt.it\/\"},{\"@type\":\"ListItem\",\"position\":2,\"name\":\"Cookie Policy\"}]},{\"@type\":\"WebSite\",\"@id\":\"https:\/\/www.sbt.it\/#website\",\"url\":\"https:\/\/www.sbt.it\/\",\"name\":\"Azienda Multi Servizi spa\",\"description\":\"Al servizio della citt\u00e0 di San Benedetto del Tronto\",\"publisher\":{\"@id\":\"https:\/\/www.sbt.it\/#organization\"},\"potentialAction\":[{\"@type\":\"SearchAction\",\"target\":{\"@type\":\"EntryPoint\",\"urlTemplate\":\"https:\/\/www.sbt.it\/?s={search_term_string}\"},\"query-input\":\"required name=search_term_string\"}],\"inLanguage\":\"it-IT\"},{\"@type\":\"Organization\",\"@id\":\"https:\/\/www.sbt.it\/#organization\",\"name\":\"Azienda Multi Servizi spa\",\"url\":\"https:\/\/www.sbt.it\/\",\"logo\":{\"@type\":\"ImageObject\",\"inLanguage\":\"it-IT\",\"@id\":\"https:\/\/www.sbt.it\/#\/schema\/logo\/image\/\",\"url\":\"https:\/\/www.sbt.it\/wp-content\/uploads\/2019\/02\/logo_ams-copia.jpg\",\"contentUrl\":\"https:\/\/www.sbt.it\/wp-content\/uploads\/2019\/02\/logo_ams-copia.jpg\",\"width\":193,\"height\":145,\"caption\":\"Azienda Multi Servizi spa\"},\"image\":{\"@id\":\"https:\/\/www.sbt.it\/#\/schema\/logo\/image\/\"},\"sameAs\":[\"https:\/\/www.facebook.com\/profile.php?id=100064248927242\"]}]}<\/script>\n<!-- \/ Yoast SEO plugin. -->","yoast_head_json":{"title":"Cookie Policy - Azienda Multi Servizi spa","robots":{"index":"index","follow":"follow","max-snippet":"max-snippet:-1","max-image-preview":"max-image-preview:large","max-video-preview":"max-video-preview:-1"},"canonical":"https:\/\/www.sbt.it\/?page_id=4154","og_locale":"it_IT","og_type":"article","og_title":"Cookie Policy - Azienda Multi Servizi spa","og_description":"Il cookie \u00e8 un piccolo file di testo (pochi byte) scambiato tra un sito internet ed il Suo browser e normalmente utilizzato dal gestore del sito internet per memorizzare le informazioni necessarie a migliorare la navigazione all&#8217;interno del sito.","og_url":"https:\/\/www.sbt.it\/?page_id=4154","og_site_name":"Azienda Multi Servizi spa","article_publisher":"https:\/\/www.facebook.com\/profile.php?id=100064248927242","article_modified_time":"2022-12-06T10:27:54+00:00","twitter_card":"summary_large_image","twitter_misc":{"Tempo di lettura stimato":"2 minuti"},"schema":{"@context":"https:\/\/schema.org","@graph":[{"@type":"WebPage","@id":"https:\/\/www.sbt.it\/?page_id=4154","url":"https:\/\/www.sbt.it\/?page_id=4154","name":"Cookie Policy - Azienda Multi Servizi spa","isPartOf":{"@id":"https:\/\/www.sbt.it\/#website"},"datePublished":"2022-12-06T10:21:48+00:00","dateModified":"2022-12-06T10:27:54+00:00","breadcrumb":{"@id":"https:\/\/www.sbt.it\/?page_id=4154#breadcrumb"},"inLanguage":"it-IT","potentialAction":[{"@type":"ReadAction","target":["https:\/\/www.sbt.it\/?page_id=4154"]}]},{"@type":"BreadcrumbList","@id":"https:\/\/www.sbt.it\/?page_id=4154#breadcrumb","itemListElement":[{"@type":"ListItem","position":1,"name":"Home","item":"https:\/\/www.sbt.it\/"},{"@type":"ListItem","position":2,"name":"Cookie Policy"}]},{"@type":"WebSite","@id":"https:\/\/www.sbt.it\/#website","url":"https:\/\/www.sbt.it\/","name":"Azienda Multi Servizi spa","description":"Al servizio della citt\u00e0 di San Benedetto del Tronto","publisher":{"@id":"https:\/\/www.sbt.it\/#organization"},"potentialAction":[{"@type":"SearchAction","target":{"@type":"EntryPoint","urlTemplate":"https:\/\/www.sbt.it\/?s={search_term_string}"},"query-input":"required name=search_term_string"}],"inLanguage":"it-IT"},{"@type":"Organization","@id":"https:\/\/www.sbt.it\/#organization","name":"Azienda Multi Servizi spa","url":"https:\/\/www.sbt.it\/","logo":{"@type":"ImageObject","inLanguage":"it-IT","@id":"https:\/\/www.sbt.it\/#\/schema\/logo\/image\/","url":"https:\/\/www.sbt.it\/wp-content\/uploads\/2019\/02\/logo_ams-copia.jpg","contentUrl":"https:\/\/www.sbt.it\/wp-content\/uploads\/2019\/02\/logo_ams-copia.jpg","width":193,"height":145,"caption":"Azienda Multi Servizi spa"},"image":{"@id":"https:\/\/www.sbt.it\/#\/schema\/logo\/image\/"},"sameAs":["https:\/\/www.facebook.com\/profile.php?id=100064248927242"]}]}},"_links":{"self":[{"href":"https:\/\/www.sbt.it\/index.php?rest_route=\/wp\/v2\/pages\/4154","targetHints":{"allow":["GET"]}}],"collection":[{"href":"https:\/\/www.sbt.it\/index.php?rest_route=\/wp\/v2\/pages"}],"about":[{"href":"https:\/\/www.sbt.it\/index.php?rest_route=\/wp\/v2\/types\/page"}],"author":[{"embeddable":true,"href":"https:\/\/www.sbt.it\/index.php?rest_route=\/wp\/v2\/users\/1"}],"replies":[{"embeddable":true,"href":"https:\/\/www.sbt.it\/index.php?rest_route=%2Fwp%2Fv2%2Fcomments&post=4154"}],"version-history":[{"count":2,"href":"https:\/\/www.sbt.it\/index.php?rest_route=\/wp\/v2\/pages\/4154\/revisions"}],"predecessor-version":[{"id":4158,"href":"https:\/\/www.sbt.it\/index.php?rest_route=\/wp\/v2\/pages\/4154\/revisions\/4158"}],"wp:attachment":[{"href":"https:\/\/www.sbt.it\/index.php?rest_route=%2Fwp%2Fv2%2Fmedia&parent=4154"}],"wp:term":[{"taxonomy":"post_tag","embeddable":true,"href":"https:\/\/www.sbt.it\/index.php?rest_route=%2Fwp%2Fv2%2Ftags&post=4154"}],"curies":[{"name":"wp","href":"https:\/\/api.w.org\/{rel}","templated":true}]}}