{"id":4156,"date":"2022-12-06T10:22:22","date_gmt":"2022-12-06T10:22:22","guid":{"rendered":"https:\/\/www.sbt.it\/?page_id=4156"},"modified":"2022-12-06T11:13:39","modified_gmt":"2022-12-06T11:13:39","slug":"privacy","status":"publish","type":"page","link":"https:\/\/www.sbt.it\/?page_id=4156","title":{"rendered":"Privacy"},"content":{"rendered":"\r\n<h2 class=\"wp-block-heading\"><\/h2>\r\n<p><strong>Soggetti Interessati: Navigatori<\/strong><br \/>Ai sensi del Regolamento (UE) 2016\/679 (di seguito \u201cRegolamento (UE)\u201d), questa pagina descrive le modalit\u00e0 di trattamento dei dati personali degli utenti che consultano i siti web di accessibili per via telematica a partire dal seguente sito: www.impiantitermici.ap.it, corrispondente alla home page del sito dell&#8217;Azienda Multi Servizi S.p.A., dedicato interamente agli impianti termici.<br \/>Si precisa che la politica sulla Privacy potrebbe essere modificata di tanto in tanto in funzione dell\u2019attivazione di nuovi servizi o a seguito di aggiornamenti di Legge, perci\u00f2 \u00e8 consigliabile controllare periodicamente le eventuali novit\u00e0 in materia consultando il suddetto sito.<br \/>In questa pagina si descrivono le modalit\u00e0 di gestione del sito in riferimento al trattamento dei dati personali degli utenti che lo consultano. Si tratta di un\u2019informativa che \u00e8 resa anche ai sensi dell\u2019art.13 del Regolamento (UE) relativo alla protezione delle persone fisiche con riguardo al trattamento dei dati personali a coloro che interagiscono con i servizi sopracitati.<br \/>L\u2019informativa \u00e8 resa solo per il sito dell&#8217;Azienda Multi Servizi S.p.A., dedicato agli impianti termici, e non anche per altri siti web, pagine o servizi online eventualmente consultati dall&#8217;utente tramite link ipertestuali eventualmente pubblicati nei siti ma riferiti a risorse esterne al dominio del Titolare. L\u2019informativa si ispira anche della Direttiva 2002\/58\/CE del Parlamento europeo e del Consiglio del 12 luglio 2002 relativa al trattamento dei dati personali e alla tutela della vita privata nel settore delle comunicazioni elettroniche (tuttora vigente per effetto dell\u2019art. 95 del Regolamento (UE) e pi\u00f9 specificatamente del considerando art. 173)<\/p>\r\n<h2>\r\n\r\n<\/h2>\r\n<p><strong>Titolare del trattamento<\/strong><br \/>A seguito della consultazione di questo sito possono essere trattati dati relativi a persone identificate o identificabili.<br \/>Il \u201ctitolare\u201d del loro trattamento \u00e8 l&#8217;Azienda Multi Servizi S.p.A., con sede legale in via Terenzio Mamiani, 29 \u2013 63074 San Benedetto del Tronto (AP), P.Iva\/Codice Fiscale: 01219810445.<br \/>Mediante l\u2019invio di una e-mail al seguente indirizzo\u00a0ams@sbt.it\u00a0o telefonicamente al numero 0735658899 potr\u00e0 richiedere maggiori informazioni in merito ai dati conferiti.<\/p>\r\n<h2>\r\n\r\n<\/h2>\r\n<p><br \/><strong>Finalit\u00e0 del trattamento e base giuridica del trattamento<\/strong><br \/>I dati personali indicati in questa pagina sono trattati dall&#8217;Azienda Multi Servizi S.p.A. unicamente per le finalit\u00e0 che rientrano nei compiti dell\u2019Azienda e di interesse pubblico o per gli adempimenti previsti da norma di legge o di regolamento (art. 6, comma 1, lett. e del Regolamento (Ue)) e, pertanto, non necessita del suo consenso. Nell&#8217;ambito di tali finalit\u00e0 il trattamento riguarda anche i dati relativi alle registrazioni al portale necessari per la gestione dei rapporti con l&#8217;Azienda Multi Servizi S.p.A. nonch\u00e9 per consentire un\u2019efficace comunicazione.<\/p>\r\n<h2>\r\n\r\n<\/h2>\r\n<p><strong>Destinatari<\/strong><br \/>Per il regolare funzionamento del sito internet alcuni dati potranno essere portati a conoscenza o comunicati a \u201cdestinatari\u201d. Tali soggetti si distinguono in:<\/p>\r\n<h2>\r\n\r\n<\/h2>\r\n<ul class=\"wp-block-list\">\r\n<li>Terzi: (comunicazione a: persone giuridiche, autorit\u00e0 pubbliche, servizio o altro organismo che non sia l\u2019interessato, il titolare del trattamento, il responsabile del trattamento e le persone autorizzate responsabili del trattamento) fra cui soggetti che svolgono pubblici servizi\/Enti, per obbligo giuridico, eventualmente la cui facolt\u00e0 di accedere ai Suoi dati sia riconosciuta da obblighi di legge;<\/li>\r\n\r\n\r\n\r\n<li>Responsabili del trattamento: (la persona fisica o giuridica, l\u2019autorit\u00e0 pubblica, il servizio o altro organismo che tratta dati personali per conto del titolare del trattamento)<\/li>\r\n\r\n\r\n\r\n<li>Fornitori di servizi di informatica, web, o altri servizi necessari al raggiungimento delle finalit\u00e0 necessarie alla gestione delle attivit\u00e0.<\/li>\r\n<\/ul>\r\n<h2>\r\n\r\n<\/h2>\r\n<p>All&#8217;interno dell\u2019organizzazione del titolare del trattamento i Suoi dati saranno trattati unicamente da personale espressamente autorizzato dal Titolare, con assicurazione di adozione di accordo di riservatezza.<\/p>\r\n<h2>\r\n\r\n<\/h2>\r\n<p><strong>Dati di navigazione<\/strong><br \/>I sistemi informatici e le procedure software preposte al funzionamento di questo sito acquisiscono, nel corso del loro normale esercizio, alcuni dati personali la cui trasmissione \u00e8 implicita nell&#8217;uso dei protocolli di comunicazione di Internet. In questa categoria di dati rientrano gli indirizzi IP o i nomi a dominio dei computer e dei terminali utilizzati dagli utenti, gli indirizzi in notazione URI\/URL (Uniform Resource Identifier\/Locator) delle risorse richieste, l\u2019orario della richiesta, il metodo utilizzato nel sottoporre la richiesta al server, la dimensione del file ottenuto in risposta, il codice numerico indicante lo stato della risposta data dal server (buon fine, errore, ecc.) ed altri parametri relativi al sistema operativo e all&#8217;ambiente informatico dell\u2019utente.<br \/>Tali dati, necessari per la fruizione dei servizi web, vengono anche trattati allo scopo di:<\/p>\r\n<h2>\r\n\r\n<\/h2>\r\n<ul class=\"wp-block-list\">\r\n<li>Ottenere informazioni statistiche sull&#8217;uso dei servizi (pagine pi\u00f9 visitate, numero di visitatori per fascia oraria o giornaliera, aree geografiche di provenienza, ecc.);<\/li>\r\n\r\n\r\n\r\n<li>Controllare il corretto funzionamento dei servizi offerti.<\/li>\r\n<\/ul>\r\n<h2>\r\n\r\n<\/h2>\r\n<p><strong>Dati comunicati dallutente<\/strong><br \/>L\u2019invio facoltativo, esplicito e volontario di messaggi agli indirizzi di contatto, nonch\u00e9 la compilazione e l\u2019inoltro dei moduli c.d. from, presenti sul sito, comportano l\u2019acquisizione dei dati di contatto del mittente, necessari a rispondere, nonch\u00e9 di tutti i dati personali inclusi nelle comunicazioni. Specifiche informative saranno disponibili nei form.<\/p>\r\n<h2>\r\n\r\n<\/h2>\r\n<p><strong>Cookie e altri sistemi di tracciamento<\/strong><br \/>Non viene fatto uso di cookie per la profilazione degli utenti.<br \/>Viene invece fatto uso di cookie di sessione (non persistenti) in modo strettamente limitato a quanto necessario per la navigazione sicura ed efficiente dei siti. La memorizzazione dei cookie di sessione nei terminali o nei browser \u00e8 sotto il controllo dell\u2019utente, laddove sui server, al termine delle sessioni HTTP, informazioni relative ai cookie restano registrate nei log dei servizi, con tempi di conservazione propri di ogni singolo gestore terzo del servizio. I dati eventualmente acquisiti attraverso i cookies, e le modalit\u00e0 per la loro gestione, sono descritti in modo completo nel documento \u201ccookie policy\u201d.<\/p>\r\n<h2>\r\n\r\n<\/h2>\r\n<p><strong>Trasferimento dati all&#8217;estero<\/strong><br \/>Il titolare potrebbe comunicare dati personali a soggetti \u201cdestinatari\u201d o avvalersi di responsabili del trattamento, ubicati in paesi Extra UE, con garanzia di adozione di misure quali: clausole contrattuali standard, decisioni di adeguatezza, adesione all&#8217;accordo internazionale Privacy Shield nel caso di U.S.A., o con il consenso degli interessati. Il luogo di trattamento dei Suoi dati personali \u00e8 SAN BENEDETTO DEL TRONTO.<\/p>\r\n<h2>\r\n\r\n<\/h2>\r\n<p><br \/><em>Reg.to UE 2016\/679: Artt. 15, 16, 17, 18, 19, 20, 21, 22 \u2013 Diritti dell\u2019Interessato<\/em><br \/><em>Lei ha diritto di richiedere al titolare la cancellazione (eventuale diritto all&#8217;oblio), la limitazione,\u00a0<\/em>\u00a0<em>l\u2019aggiornamento, la rettificazione, la portabilit\u00e0, l\u2019opposizione al trattamento dei dati personali che La\u00a0<\/em>\u00a0<em>riguardano, ove applicabili in riferimento alle attivit\u00e0 svolte dall&#8217;Azienda rientranti nel rilevante\u00a0<\/em>\u00a0<em>interesse pubblico e pi\u00f9 in generale per obblighi di legge.<\/em><br \/><em>In particolare:<\/em><\/p>\r\n<h2>\r\n\r\n<\/h2>\r\n<ol class=\"wp-block-list\">\r\n<li><em>L\u2019interessato ha diritto di ottenere la conferma dell\u2019esistenza o meno di dati personali che lo\u00a0<\/em><em>riguardano, anche se non ancora registrati, e la loro comunicazione in forma intelligibile.<\/em><\/li>\r\n\r\n\r\n\r\n<li><em>L\u2019interessato ha diritto di ottenere l\u2019indicazione:<br \/><\/em><em>\u00a0a. dell\u2019origine dei dati personali;<\/em><br \/><em>\u00a0b. delle finalit\u00e0 e modalit\u00e0 del trattamento;<\/em><br \/><em>\u00a0c. della logica applicata in caso di trattamento effettuato con l\u2019ausilio di strumenti elettronici;<\/em><br \/><em>\u00a0d. degli estremi identificativi del titolare, dei responsabili e del rappresentante designato ai sensi\u00a0<\/em>\u00a0<em>dell\u2019articolo 5, comma 2;<\/em><br \/><em>\u00a0e. dei soggetti o delle categorie di soggetti ai quali i dati personali possono essere comunicati o che\u00a0<\/em>\u00a0<em>possono venirne a conoscenza in qualit\u00e0 di rappresentante designato nel territorio dello Stato, di\u00a0<\/em>\u00a0<em>responsabili o incaricati.<\/em><\/li>\r\n\r\n\r\n\r\n<li><em>L\u2019interessato ha diritto di ottenere:<\/em><br \/><em>\u00a0a. l\u2019aggiornamento, la rettificazione ovvero, quando vi ha interesse, l\u2019integrazione dei dati;\u00a0<\/em><br \/><em>\u00a0b. la cancellazione, la trasformazione in forma anonima o il blocco dei dati trattati in violazione di\u00a0<\/em>\u00a0<em>legge, compresi quelli di cui non \u00e8 necessaria la conservazione in relazione agli scopi per i quali i dati\u00a0<\/em>\u00a0<em>sono stati raccolti o successivamente trattati;<\/em><br \/><em>\u00a0c. l\u2019attestazione che le operazioni di cui alle lettere a) e b) sono state portate a conoscenza, anche per\u00a0<\/em>\u00a0<em>quanto riguarda il loro contenuto, di coloro ai quali i dati sono stati comunicati o diffusi, eccettuato il\u00a0<\/em>\u00a0<em>caso in cui tale adempimento si rivela impossibile o comporta un impiego di mezzi manifestamente\u00a0<\/em>\u00a0<em>sproporzionato rispetto al diritto tutelato;<\/em><br \/><em>\u00a0d. la portabilit\u00e0 dei dati.<\/em><\/li>\r\n\r\n\r\n\r\n<li><em>L\u2019interessato ha diritto di opporsi, in tutto o in parte:<\/em><br \/><em>a. per motivi legittimi al trattamento dei dati personali che lo riguardano, ancorch\u00e9 pertinenti allo scopo della raccolta;<\/em><br \/><em>b. al trattamento di dati personali che lo riguardano a fini di invio di materiale pubblicitario o di\u00a0<\/em>\u00a0<em>vendita diretta o per il compimento di ricerche di mercato o di comunicazione commerciale.<\/em>\u00a0<\/li>\r\n<\/ol>\r\n<h2>\r\n\r\n<\/h2>\r\n<p><em>Diritto di reclamo<\/em><br \/><em>Gli interessati che ritengono che il trattamento dei dati personali a loro riferiti effettuato attraverso\u00a0<\/em>\u00a0<em>questo sito avvenga in violazione di quanto previsto dal Regolamento (UE) hanno il diritto di proporre\u00a0<\/em>\u00a0<em>reclamo al Garante, come previsto dall\u2019art. 77 del Regolamento (UE) stesso, o di adire le opportune\u00a0<\/em>\u00a0<em>sedi giudiziarie (art. 79 del Regolamento (UE)).<\/em><\/p>\r\n<h2><\/h2>\r\n","protected":false},"excerpt":{"rendered":"","protected":false},"author":1,"featured_media":0,"parent":0,"menu_order":0,"comment_status":"closed","ping_status":"closed","template":"","meta":{"inline_featured_image":false,"footnotes":""},"tags":[],"class_list":["post-4156","page","type-page","status-publish","hentry"],"yoast_head":"<!-- This site is optimized with the Yoast SEO plugin v22.0 - https:\/\/yoast.com\/wordpress\/plugins\/seo\/ -->\n<title>Privacy - Azienda Multi Servizi spa<\/title>\n<meta name=\"robots\" content=\"index, follow, max-snippet:-1, max-image-preview:large, max-video-preview:-1\" \/>\n<link rel=\"canonical\" href=\"https:\/\/www.sbt.it\/?page_id=4156\" \/>\n<meta property=\"og:locale\" content=\"it_IT\" \/>\n<meta property=\"og:type\" content=\"article\" \/>\n<meta property=\"og:title\" content=\"Privacy - Azienda Multi Servizi spa\" \/>\n<meta property=\"og:url\" content=\"https:\/\/www.sbt.it\/?page_id=4156\" \/>\n<meta property=\"og:site_name\" content=\"Azienda Multi Servizi spa\" \/>\n<meta property=\"article:publisher\" content=\"https:\/\/www.facebook.com\/profile.php?id=100064248927242\" \/>\n<meta property=\"article:modified_time\" content=\"2022-12-06T11:13:39+00:00\" \/>\n<meta name=\"twitter:card\" content=\"summary_large_image\" \/>\n<meta name=\"twitter:label1\" content=\"Tempo di lettura stimato\" \/>\n\t<meta name=\"twitter:data1\" content=\"7 minuti\" \/>\n<script type=\"application\/ld+json\" class=\"yoast-schema-graph\">{\"@context\":\"https:\/\/schema.org\",\"@graph\":[{\"@type\":\"WebPage\",\"@id\":\"https:\/\/www.sbt.it\/?page_id=4156\",\"url\":\"https:\/\/www.sbt.it\/?page_id=4156\",\"name\":\"Privacy - Azienda Multi Servizi spa\",\"isPartOf\":{\"@id\":\"https:\/\/www.sbt.it\/#website\"},\"datePublished\":\"2022-12-06T10:22:22+00:00\",\"dateModified\":\"2022-12-06T11:13:39+00:00\",\"breadcrumb\":{\"@id\":\"https:\/\/www.sbt.it\/?page_id=4156#breadcrumb\"},\"inLanguage\":\"it-IT\",\"potentialAction\":[{\"@type\":\"ReadAction\",\"target\":[\"https:\/\/www.sbt.it\/?page_id=4156\"]}]},{\"@type\":\"BreadcrumbList\",\"@id\":\"https:\/\/www.sbt.it\/?page_id=4156#breadcrumb\",\"itemListElement\":[{\"@type\":\"ListItem\",\"position\":1,\"name\":\"Home\",\"item\":\"https:\/\/www.sbt.it\/\"},{\"@type\":\"ListItem\",\"position\":2,\"name\":\"Privacy\"}]},{\"@type\":\"WebSite\",\"@id\":\"https:\/\/www.sbt.it\/#website\",\"url\":\"https:\/\/www.sbt.it\/\",\"name\":\"Azienda Multi Servizi spa\",\"description\":\"Al servizio della citt\u00e0 di San Benedetto del Tronto\",\"publisher\":{\"@id\":\"https:\/\/www.sbt.it\/#organization\"},\"potentialAction\":[{\"@type\":\"SearchAction\",\"target\":{\"@type\":\"EntryPoint\",\"urlTemplate\":\"https:\/\/www.sbt.it\/?s={search_term_string}\"},\"query-input\":\"required name=search_term_string\"}],\"inLanguage\":\"it-IT\"},{\"@type\":\"Organization\",\"@id\":\"https:\/\/www.sbt.it\/#organization\",\"name\":\"Azienda Multi Servizi spa\",\"url\":\"https:\/\/www.sbt.it\/\",\"logo\":{\"@type\":\"ImageObject\",\"inLanguage\":\"it-IT\",\"@id\":\"https:\/\/www.sbt.it\/#\/schema\/logo\/image\/\",\"url\":\"https:\/\/www.sbt.it\/wp-content\/uploads\/2019\/02\/logo_ams-copia.jpg\",\"contentUrl\":\"https:\/\/www.sbt.it\/wp-content\/uploads\/2019\/02\/logo_ams-copia.jpg\",\"width\":193,\"height\":145,\"caption\":\"Azienda Multi Servizi spa\"},\"image\":{\"@id\":\"https:\/\/www.sbt.it\/#\/schema\/logo\/image\/\"},\"sameAs\":[\"https:\/\/www.facebook.com\/profile.php?id=100064248927242\"]}]}<\/script>\n<!-- \/ Yoast SEO plugin. -->","yoast_head_json":{"title":"Privacy - Azienda Multi Servizi spa","robots":{"index":"index","follow":"follow","max-snippet":"max-snippet:-1","max-image-preview":"max-image-preview:large","max-video-preview":"max-video-preview:-1"},"canonical":"https:\/\/www.sbt.it\/?page_id=4156","og_locale":"it_IT","og_type":"article","og_title":"Privacy - Azienda Multi Servizi spa","og_url":"https:\/\/www.sbt.it\/?page_id=4156","og_site_name":"Azienda Multi Servizi spa","article_publisher":"https:\/\/www.facebook.com\/profile.php?id=100064248927242","article_modified_time":"2022-12-06T11:13:39+00:00","twitter_card":"summary_large_image","twitter_misc":{"Tempo di lettura stimato":"7 minuti"},"schema":{"@context":"https:\/\/schema.org","@graph":[{"@type":"WebPage","@id":"https:\/\/www.sbt.it\/?page_id=4156","url":"https:\/\/www.sbt.it\/?page_id=4156","name":"Privacy - Azienda Multi Servizi spa","isPartOf":{"@id":"https:\/\/www.sbt.it\/#website"},"datePublished":"2022-12-06T10:22:22+00:00","dateModified":"2022-12-06T11:13:39+00:00","breadcrumb":{"@id":"https:\/\/www.sbt.it\/?page_id=4156#breadcrumb"},"inLanguage":"it-IT","potentialAction":[{"@type":"ReadAction","target":["https:\/\/www.sbt.it\/?page_id=4156"]}]},{"@type":"BreadcrumbList","@id":"https:\/\/www.sbt.it\/?page_id=4156#breadcrumb","itemListElement":[{"@type":"ListItem","position":1,"name":"Home","item":"https:\/\/www.sbt.it\/"},{"@type":"ListItem","position":2,"name":"Privacy"}]},{"@type":"WebSite","@id":"https:\/\/www.sbt.it\/#website","url":"https:\/\/www.sbt.it\/","name":"Azienda Multi Servizi spa","description":"Al servizio della citt\u00e0 di San Benedetto del Tronto","publisher":{"@id":"https:\/\/www.sbt.it\/#organization"},"potentialAction":[{"@type":"SearchAction","target":{"@type":"EntryPoint","urlTemplate":"https:\/\/www.sbt.it\/?s={search_term_string}"},"query-input":"required name=search_term_string"}],"inLanguage":"it-IT"},{"@type":"Organization","@id":"https:\/\/www.sbt.it\/#organization","name":"Azienda Multi Servizi spa","url":"https:\/\/www.sbt.it\/","logo":{"@type":"ImageObject","inLanguage":"it-IT","@id":"https:\/\/www.sbt.it\/#\/schema\/logo\/image\/","url":"https:\/\/www.sbt.it\/wp-content\/uploads\/2019\/02\/logo_ams-copia.jpg","contentUrl":"https:\/\/www.sbt.it\/wp-content\/uploads\/2019\/02\/logo_ams-copia.jpg","width":193,"height":145,"caption":"Azienda Multi Servizi spa"},"image":{"@id":"https:\/\/www.sbt.it\/#\/schema\/logo\/image\/"},"sameAs":["https:\/\/www.facebook.com\/profile.php?id=100064248927242"]}]}},"_links":{"self":[{"href":"https:\/\/www.sbt.it\/index.php?rest_route=\/wp\/v2\/pages\/4156","targetHints":{"allow":["GET"]}}],"collection":[{"href":"https:\/\/www.sbt.it\/index.php?rest_route=\/wp\/v2\/pages"}],"about":[{"href":"https:\/\/www.sbt.it\/index.php?rest_route=\/wp\/v2\/types\/page"}],"author":[{"embeddable":true,"href":"https:\/\/www.sbt.it\/index.php?rest_route=\/wp\/v2\/users\/1"}],"replies":[{"embeddable":true,"href":"https:\/\/www.sbt.it\/index.php?rest_route=%2Fwp%2Fv2%2Fcomments&post=4156"}],"version-history":[{"count":2,"href":"https:\/\/www.sbt.it\/index.php?rest_route=\/wp\/v2\/pages\/4156\/revisions"}],"predecessor-version":[{"id":4160,"href":"https:\/\/www.sbt.it\/index.php?rest_route=\/wp\/v2\/pages\/4156\/revisions\/4160"}],"wp:attachment":[{"href":"https:\/\/www.sbt.it\/index.php?rest_route=%2Fwp%2Fv2%2Fmedia&parent=4156"}],"wp:term":[{"taxonomy":"post_tag","embeddable":true,"href":"https:\/\/www.sbt.it\/index.php?rest_route=%2Fwp%2Fv2%2Ftags&post=4156"}],"curies":[{"name":"wp","href":"https:\/\/api.w.org\/{rel}","templated":true}]}}